{"id":645,"date":"2022-09-19T14:16:10","date_gmt":"2022-09-19T14:16:10","guid":{"rendered":"https:\/\/resulbrave.com\/?page_id=645"},"modified":"2023-03-10T17:18:25","modified_gmt":"2023-03-10T17:18:25","slug":"blog","status":"publish","type":"page","link":"https:\/\/resulbrave.com\/shop\/blog\/","title":{"rendered":"Blog"},"content":{"rendered":"\t\t<div data-elementor-type=\"wp-page\" data-elementor-id=\"645\" class=\"elementor elementor-645\">\n\t\t\t\t\t\t<section class=\"elementor-section elementor-top-section elementor-element elementor-element-f4d8997 elementor-section-stretched elementor-section-height-min-height elementor-section-boxed elementor-section-height-default elementor-section-items-middle\" data-id=\"f4d8997\" data-element_type=\"section\" data-settings=\"{&quot;stretch_section&quot;:&quot;section-stretched&quot;,&quot;jet_parallax_layout_list&quot;:[],&quot;background_background&quot;:&quot;classic&quot;}\">\n\t\t\t\t\t\t<div class=\"elementor-container elementor-column-gap-default\">\n\t\t\t\t\t<div class=\"elementor-column elementor-col-100 elementor-top-column elementor-element elementor-element-dc9d624\" data-id=\"dc9d624\" data-element_type=\"column\">\n\t\t\t<div class=\"elementor-widget-wrap elementor-element-populated\">\n\t\t\t\t\t\t<div class=\"elementor-element elementor-element-d5555e0 elementor-widget elementor-widget-heading\" data-id=\"d5555e0\" data-element_type=\"widget\" data-widget_type=\"heading.default\">\n\t\t\t\t<div class=\"elementor-widget-container\">\n\t\t\t<style>\/*! elementor - v3.19.0 - 07-02-2024 *\/\n.elementor-heading-title{padding:0;margin:0;line-height:1}.elementor-widget-heading .elementor-heading-title[class*=elementor-size-]>a{color:inherit;font-size:inherit;line-height:inherit}.elementor-widget-heading .elementor-heading-title.elementor-size-small{font-size:15px}.elementor-widget-heading .elementor-heading-title.elementor-size-medium{font-size:19px}.elementor-widget-heading .elementor-heading-title.elementor-size-large{font-size:29px}.elementor-widget-heading .elementor-heading-title.elementor-size-xl{font-size:39px}.elementor-widget-heading .elementor-heading-title.elementor-size-xxl{font-size:59px}<\/style><h1 class=\"elementor-heading-title elementor-size-default\">Blog<\/h1>\t\t<\/div>\n\t\t\t\t<\/div>\n\t\t\t\t<div class=\"elementor-element elementor-element-1a7691c jet-breadcrumbs-align-center elementor-widget elementor-widget-jet-breadcrumbs\" data-id=\"1a7691c\" data-element_type=\"widget\" data-widget_type=\"jet-breadcrumbs.default\">\n\t\t\t\t<div class=\"elementor-widget-container\">\n\t\t\t<div class=\"elementor-jet-breadcrumbs jet-blocks\">\n\t\t<div class=\"jet-breadcrumbs\">\n\t\t<div class=\"jet-breadcrumbs__content\">\n\t\t<div class=\"jet-breadcrumbs__wrap\"><div class=\"jet-breadcrumbs__item\"><a href=\"https:\/\/resulbrave.com\/shop\/\" class=\"jet-breadcrumbs__item-link is-home\" rel=\"home\" title=\"Home\">Home<\/a><\/div>\n\t\t<\/div>\n\t\t<\/div>\n\t\t<\/div><\/div>\t\t<\/div>\n\t\t\t\t<\/div>\n\t\t\t\t\t<\/div>\n\t\t<\/div>\n\t\t\t\t\t<\/div>\n\t\t<\/section>\n\t\t\t\t<section class=\"elementor-section elementor-top-section elementor-element elementor-element-ead0b82 elementor-section-boxed elementor-section-height-default elementor-section-height-default\" data-id=\"ead0b82\" data-element_type=\"section\" data-settings=\"{&quot;jet_parallax_layout_list&quot;:[]}\">\n\t\t\t\t\t\t<div class=\"elementor-container elementor-column-gap-default\">\n\t\t\t\t\t<div class=\"elementor-column elementor-col-66 elementor-top-column elementor-element elementor-element-751c4bc\" data-id=\"751c4bc\" data-element_type=\"column\">\n\t\t\t<div class=\"elementor-widget-wrap elementor-element-populated\">\n\t\t\t\t\t\t<div class=\"elementor-element elementor-element-3fe0c34 elementor-widget elementor-widget-jet-posts\" data-id=\"3fe0c34\" data-element_type=\"widget\" data-settings=\"{&quot;columns&quot;:&quot;1&quot;}\" data-widget_type=\"jet-posts.default\">\n\t\t\t\t<div class=\"elementor-widget-container\">\n\t\t\t<div class=\"elementor-jet-posts jet-elements\"><div class=\"jet-posts col-row \"><div class=\"jet-posts__item\">\n\t<div class=\"jet-posts__inner-box\"><div class=\"post-thumbnail\"><a href=\"https:\/\/resulbrave.com\/shop\/fr\/2022\/05\/22\/5-conseils-pour-une-bonne-preparation-des-viandes-maturees\/\" class=\"post-thumbnail__link\"><img loading=\"lazy\" decoding=\"async\" class=\"post-thumbnail__img wp-post-image\" src=\"https:\/\/resulbrave.com\/shop\/wp-content\/uploads\/2022\/05\/img_blog-1024x789.jpg\" alt=\"5 Conseils Pour Une Bonne Pr\u00e9paration Des Viandes Matur\u00e9es\" loading=\"lazy\" width=\"1024\" height=\"789\"><\/a><\/div><div class=\"jet-posts__inner-content\"><h4 class=\"entry-title\"><a href=\"https:\/\/resulbrave.com\/shop\/fr\/2022\/05\/22\/5-conseils-pour-une-bonne-preparation-des-viandes-maturees\/\" target=\"\">5 Conseils Pour Une Bonne Pr\u00e9paration Des Viandes Matur\u00e9es<\/a><\/h4><div class=\"post-meta\"><span class=\"posted-by post-meta__item\">Posted by <a href=\"https:\/\/resulbrave.com\/shop\/author\/administrator\/\"  class=\"posted-by__author\" rel=\"author\">administrator<\/a><\/span><span class=\"post__date post-meta__item\"><a href=\"https:\/\/resulbrave.com\/shop\/2022\/05\/22\/\"  class=\"post__date-link\" ><time datetime=\"2022-05-22T16:17:31+00:00\" title=\"2022-05-22T16:17:31+00:00\">Maio 22, 2022<\/time><\/a><\/span><span class=\"post__comments post-meta__item\">Comments: <a href=\"https:\/\/resulbrave.com\/shop\/fr\/2022\/05\/22\/5-conseils-pour-une-bonne-preparation-des-viandes-maturees\/#respond\"  class=\"post__comments-link\">0<\/a><\/span><\/div><div class=\"entry-excerpt\">5 Conseils Pour Une Bonne Pr\u00e9paration Des Viandes Matur\u00e9es Apr\u00e8s avoir achet\u00e9 l&#8217;une de nos coupes matures, il y a&hellip;<\/div><div class=\"jet-more-wrap\"><a href=\"https:\/\/resulbrave.com\/shop\/fr\/2022\/05\/22\/5-conseils-pour-une-bonne-preparation-des-viandes-maturees\/\" class=\"btn btn-primary elementor-button elementor-size-md jet-more\" target=\"\"><span class=\"btn__text\">Read More<\/span><\/a><\/div><\/div><\/div>\n<\/div>\n<div class=\"jet-posts__item\">\n\t<div class=\"jet-posts__inner-box\"><div class=\"post-thumbnail\"><a href=\"https:\/\/resulbrave.com\/shop\/en\/2022\/05\/22\/5-tips-for-a-good-preparation-of-matured-meat\/\" class=\"post-thumbnail__link\"><img loading=\"lazy\" decoding=\"async\" class=\"post-thumbnail__img wp-post-image\" src=\"https:\/\/resulbrave.com\/shop\/wp-content\/uploads\/2022\/05\/img_blog-1024x789.jpg\" alt=\"5 Tips For A Good Preparation Of Matured Meat\" loading=\"lazy\" width=\"1024\" height=\"789\"><\/a><\/div><div class=\"jet-posts__inner-content\"><h4 class=\"entry-title\"><a href=\"https:\/\/resulbrave.com\/shop\/en\/2022\/05\/22\/5-tips-for-a-good-preparation-of-matured-meat\/\" target=\"\">5 Tips For A Good Preparation Of Matured Meat<\/a><\/h4><div class=\"post-meta\"><span class=\"posted-by post-meta__item\">Posted by <a href=\"https:\/\/resulbrave.com\/shop\/author\/administrator\/\"  class=\"posted-by__author\" rel=\"author\">administrator<\/a><\/span><span class=\"post__date post-meta__item\"><a href=\"https:\/\/resulbrave.com\/shop\/2022\/05\/22\/\"  class=\"post__date-link\" ><time datetime=\"2022-05-22T16:16:26+00:00\" title=\"2022-05-22T16:16:26+00:00\">Maio 22, 2022<\/time><\/a><\/span><span class=\"post__comments post-meta__item\">Comments: <a href=\"https:\/\/resulbrave.com\/shop\/en\/2022\/05\/22\/5-tips-for-a-good-preparation-of-matured-meat\/#respond\"  class=\"post__comments-link\">0<\/a><\/span><\/div><div class=\"entry-excerpt\">After you buy one of our matured cuts, there are a few things you should take care of! To live&hellip;<\/div><div class=\"jet-more-wrap\"><a href=\"https:\/\/resulbrave.com\/shop\/en\/2022\/05\/22\/5-tips-for-a-good-preparation-of-matured-meat\/\" class=\"btn btn-primary elementor-button elementor-size-md jet-more\" target=\"\"><span class=\"btn__text\">Read More<\/span><\/a><\/div><\/div><\/div>\n<\/div>\n<div class=\"jet-posts__item\">\n\t<div class=\"jet-posts__inner-box\"><div class=\"post-thumbnail\"><a href=\"https:\/\/resulbrave.com\/shop\/2022\/05\/22\/5-dicas-para-uma-boa-preparacao-de-carne-maturada\/\" class=\"post-thumbnail__link\"><img loading=\"lazy\" decoding=\"async\" class=\"post-thumbnail__img wp-post-image\" src=\"https:\/\/resulbrave.com\/shop\/wp-content\/uploads\/2022\/05\/img_blog-1024x789.jpg\" alt=\"5 Dicas Para Uma Boa Prepara\u00e7\u00e3o de Carne Maturada\" loading=\"lazy\" width=\"1024\" height=\"789\"><\/a><\/div><div class=\"jet-posts__inner-content\"><h4 class=\"entry-title\"><a href=\"https:\/\/resulbrave.com\/shop\/2022\/05\/22\/5-dicas-para-uma-boa-preparacao-de-carne-maturada\/\" target=\"\">5 Dicas Para Uma Boa Prepara\u00e7\u00e3o de Carne Maturada<\/a><\/h4><div class=\"post-meta\"><span class=\"posted-by post-meta__item\">Posted by <a href=\"https:\/\/resulbrave.com\/shop\/author\/administrator\/\"  class=\"posted-by__author\" rel=\"author\">administrator<\/a><\/span><span class=\"post__date post-meta__item\"><a href=\"https:\/\/resulbrave.com\/shop\/2022\/05\/22\/\"  class=\"post__date-link\" ><time datetime=\"2022-05-22T10:18:01+00:00\" title=\"2022-05-22T10:18:01+00:00\">Maio 22, 2022<\/time><\/a><\/span><span class=\"post__comments post-meta__item\">Comments: <a href=\"https:\/\/resulbrave.com\/shop\/2022\/05\/22\/5-dicas-para-uma-boa-preparacao-de-carne-maturada\/#respond\"  class=\"post__comments-link\">0<\/a><\/span><\/div><div class=\"entry-excerpt\">Depois de comprar uma das nossas pe\u00e7as maturadas, existem alguns cuidados que dever\u00e1 ter! Para viver a experi\u00eancia gastron\u00f3mica em&hellip;<\/div><div class=\"jet-more-wrap\"><a href=\"https:\/\/resulbrave.com\/shop\/2022\/05\/22\/5-dicas-para-uma-boa-preparacao-de-carne-maturada\/\" class=\"btn btn-primary elementor-button elementor-size-md jet-more\" target=\"\"><span class=\"btn__text\">Read More<\/span><\/a><\/div><\/div><\/div>\n<\/div>\n<\/div>\n<\/div>\t\t<\/div>\n\t\t\t\t<\/div>\n\t\t\t\t\t<\/div>\n\t\t<\/div>\n\t\t\t\t<div class=\"elementor-column elementor-col-33 elementor-top-column elementor-element elementor-element-8cfd028\" data-id=\"8cfd028\" data-element_type=\"column\">\n\t\t\t<div class=\"elementor-widget-wrap elementor-element-populated\">\n\t\t\t\t\t\t<div class=\"elementor-element elementor-element-ce38887 elementor-widget elementor-widget-sidebar\" data-id=\"ce38887\" data-element_type=\"widget\" data-widget_type=\"sidebar.default\">\n\t\t\t\t<div class=\"elementor-widget-container\">\n\t\t\t<aside id=\"block-2\" class=\"widget widget_block widget_categories\"><ul class=\"wp-block-categories-list wp-block-categories\">\t<li class=\"cat-item cat-item-60\"><a href=\"https:\/\/resulbrave.com\/shop\/fr\/category\/conseils\/\">Conseils<\/a> (1)\n<\/li>\n\t<li class=\"cat-item cat-item-1\"><a href=\"https:\/\/resulbrave.com\/shop\/category\/dicas\/\">Dicas<\/a> (1)\n<\/li>\n\t<li class=\"cat-item cat-item-56\"><a href=\"https:\/\/resulbrave.com\/shop\/en\/category\/tips\/\">Tips<\/a> (1)\n<\/li>\n<\/ul><\/aside>\t\t<\/div>\n\t\t\t\t<\/div>\n\t\t\t\t\t<\/div>\n\t\t<\/div>\n\t\t\t\t\t<\/div>\n\t\t<\/section>\n\t\t\t\t<\/div>\n\t\t","protected":false},"excerpt":{"rendered":"<p>Blog Home 5 Conseils Pour Une Bonne Pr\u00e9paration Des Viandes Matur\u00e9es Posted by administratorMaio 22, 2022Comments: 05 Conseils Pour Une Bonne Pr\u00e9paration Des Viandes Matur\u00e9es Apr\u00e8s avoir achet\u00e9 l&#8217;une de nos coupes matures, il y a&hellip;Read More 5 Tips For A Good Preparation Of Matured Meat Posted by administratorMaio 22, 2022Comments: 0After you buy one [&hellip;]<\/p>\n","protected":false},"author":1,"featured_media":0,"parent":0,"menu_order":0,"comment_status":"closed","ping_status":"closed","template":"","meta":{"footnotes":""},"class_list":["post-645","page","type-page","status-publish","hentry"],"aioseo_notices":[],"_links":{"self":[{"href":"https:\/\/resulbrave.com\/shop\/wp-json\/wp\/v2\/pages\/645","targetHints":{"allow":["GET"]}}],"collection":[{"href":"https:\/\/resulbrave.com\/shop\/wp-json\/wp\/v2\/pages"}],"about":[{"href":"https:\/\/resulbrave.com\/shop\/wp-json\/wp\/v2\/types\/page"}],"author":[{"embeddable":true,"href":"https:\/\/resulbrave.com\/shop\/wp-json\/wp\/v2\/users\/1"}],"replies":[{"embeddable":true,"href":"https:\/\/resulbrave.com\/shop\/wp-json\/wp\/v2\/comments?post=645"}],"version-history":[{"count":10,"href":"https:\/\/resulbrave.com\/shop\/wp-json\/wp\/v2\/pages\/645\/revisions"}],"predecessor-version":[{"id":1473,"href":"https:\/\/resulbrave.com\/shop\/wp-json\/wp\/v2\/pages\/645\/revisions\/1473"}],"wp:attachment":[{"href":"https:\/\/resulbrave.com\/shop\/wp-json\/wp\/v2\/media?parent=645"}],"curies":[{"name":"wp","href":"https:\/\/api.w.org\/{rel}","templated":true}]}}