{"id":1001,"date":"2022-09-23T13:58:37","date_gmt":"2022-09-23T13:58:37","guid":{"rendered":"https:\/\/resulbrave.com\/?post_type=product&#038;p=1001"},"modified":"2024-02-21T15:20:50","modified_gmt":"2024-02-21T15:20:50","slug":"wing-steak","status":"publish","type":"product","link":"https:\/\/resulbrave.com\/shop\/produto\/wing-steak\/","title":{"rendered":"Wing steak"},"content":{"rendered":"<p><span data-sheets-value=\"{&quot;1&quot;:2,&quot;2&quot;:&quot;O wing steak \u00e9 uma pe\u00e7a cortada a partir do lombo, servida com o osso da costela, conferindo-lhe ainda mais sabor e sucul\u00eancia.\\n\\nIdeal para quem gosta de carne mal passada, esta \u00e9 uma pe\u00e7a que deve ser cozinhada a altas temperaturas e de forma r\u00e1pida, para certificar-se que n\u00e3o perde uma pitada de sabor.&quot;}\" data-sheets-userformat=\"{&quot;2&quot;:7167,&quot;3&quot;:{&quot;1&quot;:0},&quot;4&quot;:{&quot;1&quot;:2,&quot;2&quot;:16776960},&quot;5&quot;:{&quot;1&quot;:[{&quot;1&quot;:2,&quot;2&quot;:0,&quot;5&quot;:{&quot;1&quot;:2,&quot;2&quot;:0}},{&quot;1&quot;:0,&quot;2&quot;:0,&quot;3&quot;:3},{&quot;1&quot;:1,&quot;2&quot;:0,&quot;4&quot;:1}]},&quot;6&quot;:{&quot;1&quot;:[{&quot;1&quot;:2,&quot;2&quot;:0,&quot;5&quot;:{&quot;1&quot;:2,&quot;2&quot;:0}},{&quot;1&quot;:0,&quot;2&quot;:0,&quot;3&quot;:3},{&quot;1&quot;:1,&quot;2&quot;:0,&quot;4&quot;:1}]},&quot;7&quot;:{&quot;1&quot;:[{&quot;1&quot;:2,&quot;2&quot;:0,&quot;5&quot;:{&quot;1&quot;:2,&quot;2&quot;:0}},{&quot;1&quot;:0,&quot;2&quot;:0,&quot;3&quot;:3},{&quot;1&quot;:1,&quot;2&quot;:0,&quot;4&quot;:1}]},&quot;8&quot;:{&quot;1&quot;:[{&quot;1&quot;:2,&quot;2&quot;:0,&quot;5&quot;:{&quot;1&quot;:2,&quot;2&quot;:0}},{&quot;1&quot;:0,&quot;2&quot;:0,&quot;3&quot;:3},{&quot;1&quot;:1,&quot;2&quot;:0,&quot;4&quot;:1}]},&quot;9&quot;:0,&quot;10&quot;:1,&quot;11&quot;:4,&quot;12&quot;:0,&quot;14&quot;:{&quot;1&quot;:2,&quot;2&quot;:0},&quot;15&quot;:&quot;Arial&quot;}\">O wing steak \u00e9 uma pe\u00e7a cortada a partir do lombo, servida com o osso da costela, conferindo-lhe ainda mais sabor e sucul\u00eancia.<\/span><\/p>\n<p>Ideal para quem gosta de carne mal passada, esta \u00e9 uma pe\u00e7a que deve ser cozinhada a altas temperaturas e de forma r\u00e1pida, para certificar-se que n\u00e3o perde uma pitada de sabor.<\/p>\n","protected":false},"excerpt":{"rendered":"<p>O wing steak \u00e9 uma pe\u00e7a cortada a partir do lombo, servida com o osso da costela, conferindo-lhe ainda mais sabor e sucul\u00eancia. Ideal para quem gosta de carne mal passada, esta \u00e9 uma pe\u00e7a que deve ser cozinhada a altas temperaturas e de forma r\u00e1pida, para certificar-se que n\u00e3o perde uma pitada de sabor.<\/p>\n","protected":false},"featured_media":1002,"template":"","meta":[],"product_cat":[43],"product_tag":[],"class_list":{"0":"post-1001","1":"product","2":"type-product","3":"status-publish","4":"has-post-thumbnail","6":"product_cat-carne-maturada","8":"first","9":"instock","10":"shipping-taxable","11":"purchasable","12":"product-type-simple"},"aioseo_notices":[],"_links":{"self":[{"href":"https:\/\/resulbrave.com\/shop\/wp-json\/wp\/v2\/product\/1001","targetHints":{"allow":["GET"]}}],"collection":[{"href":"https:\/\/resulbrave.com\/shop\/wp-json\/wp\/v2\/product"}],"about":[{"href":"https:\/\/resulbrave.com\/shop\/wp-json\/wp\/v2\/types\/product"}],"wp:featuredmedia":[{"embeddable":true,"href":"https:\/\/resulbrave.com\/shop\/wp-json\/wp\/v2\/media\/1002"}],"wp:attachment":[{"href":"https:\/\/resulbrave.com\/shop\/wp-json\/wp\/v2\/media?parent=1001"}],"wp:term":[{"taxonomy":"product_cat","embeddable":true,"href":"https:\/\/resulbrave.com\/shop\/wp-json\/wp\/v2\/product_cat?post=1001"},{"taxonomy":"product_tag","embeddable":true,"href":"https:\/\/resulbrave.com\/shop\/wp-json\/wp\/v2\/product_tag?post=1001"}],"curies":[{"name":"wp","href":"https:\/\/api.w.org\/{rel}","templated":true}]}}