{"id":1141,"date":"2022-10-13T09:06:03","date_gmt":"2022-10-13T09:06:03","guid":{"rendered":"https:\/\/resulbrave.com\/?post_type=product&#038;p=1141"},"modified":"2024-02-21T15:21:14","modified_gmt":"2024-02-21T15:21:14","slug":"costeletao","status":"publish","type":"product","link":"https:\/\/resulbrave.com\/shop\/produto\/costeletao\/","title":{"rendered":"Costelet\u00e3o"},"content":{"rendered":"<p><span data-sheets-value=\"{&quot;1&quot;:2,&quot;2&quot;:&quot;Muito tenra e saborosa, esta \u00e9 a pe\u00e7a com osso que mais sucesso far\u00e1 nos seus churrascos!\\n\\nEste corte longo, come\u00e7a no Cacha\u00e7o, prolongando-se at\u00e9 \u00e0 Vazia. \\n\\nA pe\u00e7a do ac\u00e9m redondo com osso \u00e9 muito valorizada pela sua proximidade \u00e0 Vazia, que lhe confere um sabor inigual\u00e1vel.&quot;}\" data-sheets-userformat=\"{&quot;2&quot;:7083,&quot;3&quot;:{&quot;1&quot;:0},&quot;4&quot;:{&quot;1&quot;:2,&quot;2&quot;:16776960},&quot;6&quot;:{&quot;1&quot;:[{&quot;1&quot;:2,&quot;2&quot;:0,&quot;5&quot;:{&quot;1&quot;:2,&quot;2&quot;:0}},{&quot;1&quot;:0,&quot;2&quot;:0,&quot;3&quot;:3},{&quot;1&quot;:1,&quot;2&quot;:0,&quot;4&quot;:1}]},&quot;8&quot;:{&quot;1&quot;:[{&quot;1&quot;:2,&quot;2&quot;:0,&quot;5&quot;:{&quot;1&quot;:2,&quot;2&quot;:0}},{&quot;1&quot;:0,&quot;2&quot;:0,&quot;3&quot;:3},{&quot;1&quot;:1,&quot;2&quot;:0,&quot;4&quot;:1}]},&quot;10&quot;:1,&quot;11&quot;:4,&quot;12&quot;:0,&quot;14&quot;:{&quot;1&quot;:2,&quot;2&quot;:0},&quot;15&quot;:&quot;Arial&quot;}\">Muito tenra e saborosa, esta \u00e9 a pe\u00e7a com osso que mais sucesso far\u00e1 nos seus churrascos!<\/span><\/p>\n<p>Este corte longo, come\u00e7a no Cacha\u00e7o, prolongando-se at\u00e9 \u00e0 Vazia.<\/p>\n<p>A pe\u00e7a do ac\u00e9m redondo com osso \u00e9 muito valorizada pela sua proximidade \u00e0 Vazia, que lhe confere um sabor inigual\u00e1vel.<\/p>\n","protected":false},"excerpt":{"rendered":"<p>Muito tenra e saborosa, esta \u00e9 a pe\u00e7a com osso que mais sucesso far\u00e1 nos seus churrascos! Este corte longo, come\u00e7a no Cacha\u00e7o, prolongando-se at\u00e9 \u00e0 Vazia. A pe\u00e7a do ac\u00e9m redondo com osso \u00e9 muito valorizada pela sua proximidade \u00e0 Vazia, que lhe confere um sabor inigual\u00e1vel.<\/p>\n","protected":false},"featured_media":1142,"template":"","meta":[],"product_cat":[43],"product_tag":[],"class_list":{"0":"post-1141","1":"product","2":"type-product","3":"status-publish","4":"has-post-thumbnail","6":"product_cat-carne-maturada","8":"first","9":"instock","10":"shipping-taxable","11":"purchasable","12":"product-type-simple"},"aioseo_notices":[],"_links":{"self":[{"href":"https:\/\/resulbrave.com\/shop\/wp-json\/wp\/v2\/product\/1141","targetHints":{"allow":["GET"]}}],"collection":[{"href":"https:\/\/resulbrave.com\/shop\/wp-json\/wp\/v2\/product"}],"about":[{"href":"https:\/\/resulbrave.com\/shop\/wp-json\/wp\/v2\/types\/product"}],"wp:featuredmedia":[{"embeddable":true,"href":"https:\/\/resulbrave.com\/shop\/wp-json\/wp\/v2\/media\/1142"}],"wp:attachment":[{"href":"https:\/\/resulbrave.com\/shop\/wp-json\/wp\/v2\/media?parent=1141"}],"wp:term":[{"taxonomy":"product_cat","embeddable":true,"href":"https:\/\/resulbrave.com\/shop\/wp-json\/wp\/v2\/product_cat?post=1141"},{"taxonomy":"product_tag","embeddable":true,"href":"https:\/\/resulbrave.com\/shop\/wp-json\/wp\/v2\/product_tag?post=1141"}],"curies":[{"name":"wp","href":"https:\/\/api.w.org\/{rel}","templated":true}]}}