{"id":1233,"date":"2022-10-28T13:21:16","date_gmt":"2022-10-28T13:21:16","guid":{"rendered":"https:\/\/resulbrave.com\/?post_type=product&#038;p=1233"},"modified":"2024-02-21T15:23:55","modified_gmt":"2024-02-21T15:23:55","slug":"rond-depaule-avec-os","status":"publish","type":"product","link":"https:\/\/resulbrave.com\/shop\/fr\/produto\/rond-depaule-avec-os\/","title":{"rendered":"Rond d\u2019\u00c9paule avec Os"},"content":{"rendered":"<p><span data-sheets-value=\"{&quot;1&quot;:2,&quot;2&quot;:&quot;Rump Core, also known as Baby Beef and often used for steaks, is a tender, juicy meat with low fat between the fibers.\\n\\nIts location in the back of the loin gives it the characteristic of a lean cut, without nerves, ensuring its characteristic tenderness.\\n\\nBeing one of the favorites for a nice barbecue, this delicious cut also has a layer of fat on the outside that enhances its flavor.\\n&quot;}\" data-sheets-userformat=\"{&quot;2&quot;:5119,&quot;3&quot;:{&quot;1&quot;:0},&quot;4&quot;:{&quot;1&quot;:2,&quot;2&quot;:16777215},&quot;5&quot;:{&quot;1&quot;:[{&quot;1&quot;:2,&quot;2&quot;:0,&quot;5&quot;:{&quot;1&quot;:2,&quot;2&quot;:0}},{&quot;1&quot;:0,&quot;2&quot;:0,&quot;3&quot;:3},{&quot;1&quot;:1,&quot;2&quot;:0,&quot;4&quot;:1}]},&quot;6&quot;:{&quot;1&quot;:[{&quot;1&quot;:2,&quot;2&quot;:0,&quot;5&quot;:{&quot;1&quot;:2,&quot;2&quot;:0}},{&quot;1&quot;:0,&quot;2&quot;:0,&quot;3&quot;:3},{&quot;1&quot;:1,&quot;2&quot;:0,&quot;4&quot;:1}]},&quot;7&quot;:{&quot;1&quot;:[{&quot;1&quot;:2,&quot;2&quot;:0,&quot;5&quot;:{&quot;1&quot;:2,&quot;2&quot;:0}},{&quot;1&quot;:0,&quot;2&quot;:0,&quot;3&quot;:3},{&quot;1&quot;:1,&quot;2&quot;:0,&quot;4&quot;:1}]},&quot;8&quot;:{&quot;1&quot;:[{&quot;1&quot;:2,&quot;2&quot;:0,&quot;5&quot;:{&quot;1&quot;:2,&quot;2&quot;:0}},{&quot;1&quot;:0,&quot;2&quot;:0,&quot;3&quot;:3},{&quot;1&quot;:1,&quot;2&quot;:0,&quot;4&quot;:1}]},&quot;9&quot;:1,&quot;10&quot;:1,&quot;11&quot;:4,&quot;12&quot;:0,&quot;15&quot;:&quot;Arial&quot;}\">Tr\u00e8s tendre et savoureux, c&#8217;est le morceau avec os le plus r\u00e9ussi pour vos barbecues !<\/p>\n<p>Cette longue coupe commence au niveau du cou et se poursuit jusqu&#8217;\u00e0 la Faux-filet.<\/p>\n<p>Le paleron rond avec os est tr\u00e8s pris\u00e9 pour sa proximit\u00e9 avec le Faux-filet, qui lui conf\u00e8re une saveur in\u00e9gal\u00e9e.<\/span><\/p>\n","protected":false},"excerpt":{"rendered":"<p>Tr\u00e8s tendre et savoureux, c&#8217;est le morceau avec os le plus r\u00e9ussi pour vos barbecues ! Cette longue coupe commence au niveau du cou et se poursuit jusqu&#8217;\u00e0 la Faux-filet. Le paleron rond avec os est tr\u00e8s pris\u00e9 pour sa proximit\u00e9 avec le Faux-filet, qui lui conf\u00e8re une saveur in\u00e9gal\u00e9e.<\/p>\n","protected":false},"featured_media":1142,"template":"","meta":[],"product_cat":[91],"product_tag":[],"class_list":{"0":"post-1233","1":"product","2":"type-product","3":"status-publish","4":"has-post-thumbnail","6":"product_cat-viandes-matures","8":"first","9":"instock","10":"shipping-taxable","11":"purchasable","12":"product-type-simple"},"aioseo_notices":[],"_links":{"self":[{"href":"https:\/\/resulbrave.com\/shop\/wp-json\/wp\/v2\/product\/1233","targetHints":{"allow":["GET"]}}],"collection":[{"href":"https:\/\/resulbrave.com\/shop\/wp-json\/wp\/v2\/product"}],"about":[{"href":"https:\/\/resulbrave.com\/shop\/wp-json\/wp\/v2\/types\/product"}],"wp:featuredmedia":[{"embeddable":true,"href":"https:\/\/resulbrave.com\/shop\/wp-json\/wp\/v2\/media\/1142"}],"wp:attachment":[{"href":"https:\/\/resulbrave.com\/shop\/wp-json\/wp\/v2\/media?parent=1233"}],"wp:term":[{"taxonomy":"product_cat","embeddable":true,"href":"https:\/\/resulbrave.com\/shop\/wp-json\/wp\/v2\/product_cat?post=1233"},{"taxonomy":"product_tag","embeddable":true,"href":"https:\/\/resulbrave.com\/shop\/wp-json\/wp\/v2\/product_tag?post=1233"}],"curies":[{"name":"wp","href":"https:\/\/api.w.org\/{rel}","templated":true}]}}