{"id":1263,"date":"2022-10-31T14:36:32","date_gmt":"2022-10-31T14:36:32","guid":{"rendered":"https:\/\/resulbrave.com\/?post_type=product&#038;p=1263"},"modified":"2024-02-21T15:27:05","modified_gmt":"2024-02-21T15:27:05","slug":"wing-steak-3","status":"publish","type":"product","link":"https:\/\/resulbrave.com\/shop\/fr\/produto\/wing-steak-3\/","title":{"rendered":"Wing steak"},"content":{"rendered":"<p><span data-sheets-value=\"{&quot;1&quot;:2,&quot;2&quot;:&quot;Le Wing Steak est une coupe de la longe, servie avec l'os de la c\u00f4te, ce qui lui donne encore plus de saveur et de succulence.\\n\\nId\u00e9al pour ceux qui aiment la viande saignante, c'est un morceau qui doit \u00eatre cuit \u00e0 haute temp\u00e9rature et rapidement, pour \u00eatre s\u00fbr qu'il ne perde pas une once de saveur.&quot;}\" data-sheets-userformat=\"{&quot;2&quot;:5119,&quot;3&quot;:{&quot;1&quot;:0},&quot;4&quot;:{&quot;1&quot;:2,&quot;2&quot;:16777215},&quot;5&quot;:{&quot;1&quot;:[{&quot;1&quot;:2,&quot;2&quot;:0,&quot;5&quot;:{&quot;1&quot;:2,&quot;2&quot;:0}},{&quot;1&quot;:0,&quot;2&quot;:0,&quot;3&quot;:3},{&quot;1&quot;:1,&quot;2&quot;:0,&quot;4&quot;:1}]},&quot;6&quot;:{&quot;1&quot;:[{&quot;1&quot;:2,&quot;2&quot;:0,&quot;5&quot;:{&quot;1&quot;:2,&quot;2&quot;:0}},{&quot;1&quot;:0,&quot;2&quot;:0,&quot;3&quot;:3},{&quot;1&quot;:1,&quot;2&quot;:0,&quot;4&quot;:1}]},&quot;7&quot;:{&quot;1&quot;:[{&quot;1&quot;:2,&quot;2&quot;:0,&quot;5&quot;:{&quot;1&quot;:2,&quot;2&quot;:0}},{&quot;1&quot;:0,&quot;2&quot;:0,&quot;3&quot;:3},{&quot;1&quot;:1,&quot;2&quot;:0,&quot;4&quot;:1}]},&quot;8&quot;:{&quot;1&quot;:[{&quot;1&quot;:2,&quot;2&quot;:0,&quot;5&quot;:{&quot;1&quot;:2,&quot;2&quot;:0}},{&quot;1&quot;:0,&quot;2&quot;:0,&quot;3&quot;:3},{&quot;1&quot;:1,&quot;2&quot;:0,&quot;4&quot;:1}]},&quot;9&quot;:0,&quot;10&quot;:1,&quot;11&quot;:4,&quot;12&quot;:0,&quot;15&quot;:&quot;Arial&quot;}\">Le Wing Steak est une coupe de la longe, servie avec l&#8217;os de la c\u00f4te, ce qui lui donne encore plus de saveur et de succulence.<\/p>\n<p>Id\u00e9al pour ceux qui aiment la viande saignante, c&#8217;est un morceau qui doit \u00eatre cuit \u00e0 haute temp\u00e9rature et rapidement, pour \u00eatre s\u00fbr qu&#8217;il ne perde pas une once de saveur.<\/span><\/p>\n","protected":false},"excerpt":{"rendered":"<p>Le Wing Steak est une coupe de la longe, servie avec l&#8217;os de la c\u00f4te, ce qui lui donne encore plus de saveur et de succulence. Id\u00e9al pour ceux qui aiment la viande saignante, c&#8217;est un morceau qui doit \u00eatre cuit \u00e0 haute temp\u00e9rature et rapidement, pour \u00eatre s\u00fbr qu&#8217;il ne perde pas une once [&hellip;]<\/p>\n","protected":false},"featured_media":1002,"template":"","meta":[],"product_cat":[91],"product_tag":[],"class_list":{"0":"post-1263","1":"product","2":"type-product","3":"status-publish","4":"has-post-thumbnail","6":"product_cat-viandes-matures","8":"first","9":"instock","10":"shipping-taxable","11":"purchasable","12":"product-type-simple"},"aioseo_notices":[],"_links":{"self":[{"href":"https:\/\/resulbrave.com\/shop\/wp-json\/wp\/v2\/product\/1263","targetHints":{"allow":["GET"]}}],"collection":[{"href":"https:\/\/resulbrave.com\/shop\/wp-json\/wp\/v2\/product"}],"about":[{"href":"https:\/\/resulbrave.com\/shop\/wp-json\/wp\/v2\/types\/product"}],"wp:featuredmedia":[{"embeddable":true,"href":"https:\/\/resulbrave.com\/shop\/wp-json\/wp\/v2\/media\/1002"}],"wp:attachment":[{"href":"https:\/\/resulbrave.com\/shop\/wp-json\/wp\/v2\/media?parent=1263"}],"wp:term":[{"taxonomy":"product_cat","embeddable":true,"href":"https:\/\/resulbrave.com\/shop\/wp-json\/wp\/v2\/product_cat?post=1263"},{"taxonomy":"product_tag","embeddable":true,"href":"https:\/\/resulbrave.com\/shop\/wp-json\/wp\/v2\/product_tag?post=1263"}],"curies":[{"name":"wp","href":"https:\/\/api.w.org\/{rel}","templated":true}]}}