{"id":942,"date":"2022-09-23T12:43:41","date_gmt":"2022-09-23T12:43:41","guid":{"rendered":"https:\/\/resulbrave.com\/?post_type=product&#038;p=942"},"modified":"2024-02-21T15:13:46","modified_gmt":"2024-02-21T15:13:46","slug":"hamburguer","status":"publish","type":"product","link":"https:\/\/resulbrave.com\/shop\/produto\/hamburguer\/","title":{"rendered":"Hamb\u00farguer"},"content":{"rendered":"<p><span data-sheets-value=\"{&quot;1&quot;:2,&quot;2&quot;:&quot;Este hamb\u00farguer balanceia 70% de prote\u00edna e 30% de gordura, fruto de abas, peito, cacha\u00e7o e bra\u00e7o picados.\\nDe tal combina\u00e7\u00e3o resulta um hamb\u00farguer macio, suculento e rico em sabor. No prato ou no p\u00e3o ele preenche o cora\u00e7\u00e3o! &quot;}\" data-sheets-userformat=\"{&quot;2&quot;:7083,&quot;3&quot;:{&quot;1&quot;:0},&quot;4&quot;:{&quot;1&quot;:2,&quot;2&quot;:16776960},&quot;6&quot;:{&quot;1&quot;:[{&quot;1&quot;:2,&quot;2&quot;:0,&quot;5&quot;:{&quot;1&quot;:2,&quot;2&quot;:0}},{&quot;1&quot;:0,&quot;2&quot;:0,&quot;3&quot;:3},{&quot;1&quot;:1,&quot;2&quot;:0,&quot;4&quot;:1}]},&quot;8&quot;:{&quot;1&quot;:[{&quot;1&quot;:2,&quot;2&quot;:0,&quot;5&quot;:{&quot;1&quot;:2,&quot;2&quot;:0}},{&quot;1&quot;:0,&quot;2&quot;:0,&quot;3&quot;:3},{&quot;1&quot;:1,&quot;2&quot;:0,&quot;4&quot;:1}]},&quot;10&quot;:1,&quot;11&quot;:4,&quot;12&quot;:0,&quot;14&quot;:{&quot;1&quot;:2,&quot;2&quot;:0},&quot;15&quot;:&quot;Arial&quot;}\">Este hamb\u00farguer balanceia 70% de prote\u00edna e 30% de gordura, fruto de abas, peito, cacha\u00e7o e bra\u00e7o picados.<br \/>\nDe tal combina\u00e7\u00e3o resulta um hamb\u00farguer macio, suculento e rico em sabor. No prato ou no p\u00e3o ele preenche o cora\u00e7\u00e3o! <\/span><\/p>\n","protected":false},"excerpt":{"rendered":"<p>Este hamb\u00farguer balanceia 70% de prote\u00edna e 30% de gordura, fruto de abas, peito, cacha\u00e7o e bra\u00e7o picados. De tal combina\u00e7\u00e3o resulta um hamb\u00farguer macio, suculento e rico em sabor. No prato ou no p\u00e3o ele preenche o cora\u00e7\u00e3o!<\/p>\n","protected":false},"featured_media":870,"template":"","meta":[],"product_cat":[41],"product_tag":[],"class_list":{"0":"post-942","1":"product","2":"type-product","3":"status-publish","4":"has-post-thumbnail","6":"product_cat-carne-nao-maturada","8":"first","9":"instock","10":"shipping-taxable","11":"purchasable","12":"product-type-simple"},"aioseo_notices":[],"_links":{"self":[{"href":"https:\/\/resulbrave.com\/shop\/wp-json\/wp\/v2\/product\/942","targetHints":{"allow":["GET"]}}],"collection":[{"href":"https:\/\/resulbrave.com\/shop\/wp-json\/wp\/v2\/product"}],"about":[{"href":"https:\/\/resulbrave.com\/shop\/wp-json\/wp\/v2\/types\/product"}],"wp:featuredmedia":[{"embeddable":true,"href":"https:\/\/resulbrave.com\/shop\/wp-json\/wp\/v2\/media\/870"}],"wp:attachment":[{"href":"https:\/\/resulbrave.com\/shop\/wp-json\/wp\/v2\/media?parent=942"}],"wp:term":[{"taxonomy":"product_cat","embeddable":true,"href":"https:\/\/resulbrave.com\/shop\/wp-json\/wp\/v2\/product_cat?post=942"},{"taxonomy":"product_tag","embeddable":true,"href":"https:\/\/resulbrave.com\/shop\/wp-json\/wp\/v2\/product_tag?post=942"}],"curies":[{"name":"wp","href":"https:\/\/api.w.org\/{rel}","templated":true}]}}