{"id":944,"date":"2022-09-23T12:46:50","date_gmt":"2022-09-23T12:46:50","guid":{"rendered":"https:\/\/resulbrave.com\/?post_type=product&#038;p=944"},"modified":"2024-02-21T15:28:56","modified_gmt":"2024-02-21T15:28:56","slug":"hamburguer-maturado","status":"publish","type":"product","link":"https:\/\/resulbrave.com\/shop\/produto\/hamburguer-maturado\/","title":{"rendered":"Hamb\u00farguer maturado"},"content":{"rendered":"<p>Este hamb\u00farguer balanceia 70% de prote\u00edna e 30% de gordura, fruto de abas, peito, cacha\u00e7o e bra\u00e7o maturados e, posteriormente, picados.<br \/>\nDe tal combina\u00e7\u00e3o resulta um hamb\u00farguer macio, suculento e rico em sabor.<\/p>\n","protected":false},"excerpt":{"rendered":"<p>Este hamb\u00farguer balanceia 70% de prote\u00edna e 30% de gordura, fruto de abas, peito, cacha\u00e7o e bra\u00e7o maturados e, posteriormente, picados. De tal combina\u00e7\u00e3o resulta um hamb\u00farguer macio, suculento e rico em sabor.<\/p>\n","protected":false},"featured_media":945,"template":"","meta":[],"product_cat":[43],"product_tag":[],"class_list":{"0":"post-944","1":"product","2":"type-product","3":"status-publish","4":"has-post-thumbnail","6":"product_cat-carne-maturada","8":"first","9":"instock","10":"shipping-taxable","11":"purchasable","12":"product-type-simple"},"aioseo_notices":[],"_links":{"self":[{"href":"https:\/\/resulbrave.com\/shop\/wp-json\/wp\/v2\/product\/944","targetHints":{"allow":["GET"]}}],"collection":[{"href":"https:\/\/resulbrave.com\/shop\/wp-json\/wp\/v2\/product"}],"about":[{"href":"https:\/\/resulbrave.com\/shop\/wp-json\/wp\/v2\/types\/product"}],"wp:featuredmedia":[{"embeddable":true,"href":"https:\/\/resulbrave.com\/shop\/wp-json\/wp\/v2\/media\/945"}],"wp:attachment":[{"href":"https:\/\/resulbrave.com\/shop\/wp-json\/wp\/v2\/media?parent=944"}],"wp:term":[{"taxonomy":"product_cat","embeddable":true,"href":"https:\/\/resulbrave.com\/shop\/wp-json\/wp\/v2\/product_cat?post=944"},{"taxonomy":"product_tag","embeddable":true,"href":"https:\/\/resulbrave.com\/shop\/wp-json\/wp\/v2\/product_tag?post=944"}],"curies":[{"name":"wp","href":"https:\/\/api.w.org\/{rel}","templated":true}]}}