{"id":984,"date":"2022-09-23T13:45:12","date_gmt":"2022-09-23T13:45:12","guid":{"rendered":"https:\/\/resulbrave.com\/?post_type=product&#038;p=984"},"modified":"2024-02-21T15:13:11","modified_gmt":"2024-02-21T15:13:11","slug":"maminha","status":"publish","type":"product","link":"https:\/\/resulbrave.com\/shop\/produto\/maminha\/","title":{"rendered":"Maminha"},"content":{"rendered":"<p><span data-sheets-value=\"{&quot;1&quot;:2,&quot;2&quot;:&quot;Um dos cortes mais nobres de bovino, a maminha \u00e9 a parte mais macia da alcatra. \\n\\nMas fica a dica, deve cort\u00e1-la contra as fibras, para intensificar o sabor e a maciez da pe\u00e7a.\\n\\nEsta \u00e9 uma pe\u00e7a ideal para cozidos de panela e assados no forno, sendo que \u00e9 tamb\u00e9m uma \u00f3tima op\u00e7\u00e3o para um churrasco de comer e chorar por mais.&quot;}\" data-sheets-userformat=\"{&quot;2&quot;:7083,&quot;3&quot;:{&quot;1&quot;:0},&quot;4&quot;:{&quot;1&quot;:2,&quot;2&quot;:16776960},&quot;6&quot;:{&quot;1&quot;:[{&quot;1&quot;:2,&quot;2&quot;:0,&quot;5&quot;:{&quot;1&quot;:2,&quot;2&quot;:0}},{&quot;1&quot;:0,&quot;2&quot;:0,&quot;3&quot;:3},{&quot;1&quot;:1,&quot;2&quot;:0,&quot;4&quot;:1}]},&quot;8&quot;:{&quot;1&quot;:[{&quot;1&quot;:2,&quot;2&quot;:0,&quot;5&quot;:{&quot;1&quot;:2,&quot;2&quot;:0}},{&quot;1&quot;:0,&quot;2&quot;:0,&quot;3&quot;:3},{&quot;1&quot;:1,&quot;2&quot;:0,&quot;4&quot;:1}]},&quot;10&quot;:2,&quot;11&quot;:4,&quot;12&quot;:0,&quot;14&quot;:{&quot;1&quot;:2,&quot;2&quot;:0},&quot;15&quot;:&quot;Arial&quot;}\">Um dos cortes mais nobres de bovino, a maminha \u00e9 a parte mais macia da alcatra.<\/span><\/p>\n<p>Mas fica a dica, deve cort\u00e1-la contra as fibras, para intensificar o sabor e a maciez da pe\u00e7a.<\/p>\n<p>Esta \u00e9 uma pe\u00e7a ideal para cozidos de panela e assados no forno, sendo que \u00e9 tamb\u00e9m uma \u00f3tima op\u00e7\u00e3o para um churrasco de comer e chorar por mais.<\/p>\n","protected":false},"excerpt":{"rendered":"<p>Um dos cortes mais nobres de bovino, a maminha \u00e9 a parte mais macia da alcatra. Mas fica a dica, deve cort\u00e1-la contra as fibras, para intensificar o sabor e a maciez da pe\u00e7a. Esta \u00e9 uma pe\u00e7a ideal para cozidos de panela e assados no forno, sendo que \u00e9 tamb\u00e9m uma \u00f3tima op\u00e7\u00e3o para [&hellip;]<\/p>\n","protected":false},"featured_media":985,"template":"","meta":[],"product_cat":[43],"product_tag":[],"class_list":{"0":"post-984","1":"product","2":"type-product","3":"status-publish","4":"has-post-thumbnail","6":"product_cat-carne-maturada","8":"first","9":"instock","10":"shipping-taxable","11":"purchasable","12":"product-type-simple"},"aioseo_notices":[],"_links":{"self":[{"href":"https:\/\/resulbrave.com\/shop\/wp-json\/wp\/v2\/product\/984","targetHints":{"allow":["GET"]}}],"collection":[{"href":"https:\/\/resulbrave.com\/shop\/wp-json\/wp\/v2\/product"}],"about":[{"href":"https:\/\/resulbrave.com\/shop\/wp-json\/wp\/v2\/types\/product"}],"wp:featuredmedia":[{"embeddable":true,"href":"https:\/\/resulbrave.com\/shop\/wp-json\/wp\/v2\/media\/985"}],"wp:attachment":[{"href":"https:\/\/resulbrave.com\/shop\/wp-json\/wp\/v2\/media?parent=984"}],"wp:term":[{"taxonomy":"product_cat","embeddable":true,"href":"https:\/\/resulbrave.com\/shop\/wp-json\/wp\/v2\/product_cat?post=984"},{"taxonomy":"product_tag","embeddable":true,"href":"https:\/\/resulbrave.com\/shop\/wp-json\/wp\/v2\/product_tag?post=984"}],"curies":[{"name":"wp","href":"https:\/\/api.w.org\/{rel}","templated":true}]}}