{"id":986,"date":"2022-09-23T13:46:43","date_gmt":"2022-09-23T13:46:43","guid":{"rendered":"https:\/\/resulbrave.com\/?post_type=product&#038;p=986"},"modified":"2024-02-21T15:12:56","modified_gmt":"2024-02-21T15:12:56","slug":"miolo-de-alcatra","status":"publish","type":"product","link":"https:\/\/resulbrave.com\/shop\/produto\/miolo-de-alcatra\/","title":{"rendered":"Miolo de alcatra"},"content":{"rendered":"<p><span data-sheets-value=\"{&quot;1&quot;:2,&quot;2&quot;:&quot;O miolo de alcatra, conhecido por Baby Beef e muito utilizado para bifes, \u00e9 uma carne macia, suculenta e com pouca gordura entre as fibras\\n\\nA sua localiza\u00e7\u00e3o na parte traseira do lombo do boi confere-lhe a caracter\u00edstica de um corte magro, sem nervos, garantindo-lhe a tenrura caracter\u00edstica.\\n\\nSendo um dos preferidos para um belo churrasco, este corte delicioso tem ainda no seu exterior uma camada de gordura que lhe real\u00e7a ainda mais o seu sabor.\\n\\n&quot;}\" data-sheets-userformat=\"{&quot;2&quot;:7083,&quot;3&quot;:{&quot;1&quot;:0},&quot;4&quot;:{&quot;1&quot;:2,&quot;2&quot;:16776960},&quot;6&quot;:{&quot;1&quot;:[{&quot;1&quot;:2,&quot;2&quot;:0,&quot;5&quot;:{&quot;1&quot;:2,&quot;2&quot;:0}},{&quot;1&quot;:0,&quot;2&quot;:0,&quot;3&quot;:3},{&quot;1&quot;:1,&quot;2&quot;:0,&quot;4&quot;:1}]},&quot;8&quot;:{&quot;1&quot;:[{&quot;1&quot;:2,&quot;2&quot;:0,&quot;5&quot;:{&quot;1&quot;:2,&quot;2&quot;:0}},{&quot;1&quot;:0,&quot;2&quot;:0,&quot;3&quot;:3},{&quot;1&quot;:1,&quot;2&quot;:0,&quot;4&quot;:1}]},&quot;10&quot;:2,&quot;11&quot;:4,&quot;12&quot;:0,&quot;14&quot;:{&quot;1&quot;:2,&quot;2&quot;:0},&quot;15&quot;:&quot;Arial&quot;}\" data-sheets-textstyleruns=\"{&quot;1&quot;:0}\uee10{&quot;1&quot;:34,&quot;2&quot;:{&quot;2&quot;:{&quot;1&quot;:2,&quot;2&quot;:16711680}}}\uee10{&quot;1&quot;:74}\">O miolo de alcatra, conhecido por Baby Beef e muito utilizado para bifes, \u00e9 uma carne macia, suculenta e com pouca gordura entre as fibras<\/span><\/p>\n<p>A sua localiza\u00e7\u00e3o na parte traseira do lombo do boi confere-lhe a caracter\u00edstica de um corte magro, sem nervos, garantindo-lhe a tenrura caracter\u00edstica.<\/p>\n<p>Sendo um dos preferidos para um belo churrasco, este corte delicioso tem ainda no seu exterior uma camada de gordura que lhe real\u00e7a ainda mais o seu sabor.<\/p>\n<p>&nbsp;<\/p>\n","protected":false},"excerpt":{"rendered":"<p>O miolo de alcatra, conhecido por Baby Beef e muito utilizado para bifes, \u00e9 uma carne macia, suculenta e com pouca gordura entre as fibras A sua localiza\u00e7\u00e3o na parte traseira do lombo do boi confere-lhe a caracter\u00edstica de um corte magro, sem nervos, garantindo-lhe a tenrura caracter\u00edstica. Sendo um dos preferidos para um belo [&hellip;]<\/p>\n","protected":false},"featured_media":987,"template":"","meta":[],"product_cat":[43],"product_tag":[],"class_list":{"0":"post-986","1":"product","2":"type-product","3":"status-publish","4":"has-post-thumbnail","6":"product_cat-carne-maturada","8":"first","9":"instock","10":"shipping-taxable","11":"purchasable","12":"product-type-simple"},"aioseo_notices":[],"_links":{"self":[{"href":"https:\/\/resulbrave.com\/shop\/wp-json\/wp\/v2\/product\/986","targetHints":{"allow":["GET"]}}],"collection":[{"href":"https:\/\/resulbrave.com\/shop\/wp-json\/wp\/v2\/product"}],"about":[{"href":"https:\/\/resulbrave.com\/shop\/wp-json\/wp\/v2\/types\/product"}],"wp:featuredmedia":[{"embeddable":true,"href":"https:\/\/resulbrave.com\/shop\/wp-json\/wp\/v2\/media\/987"}],"wp:attachment":[{"href":"https:\/\/resulbrave.com\/shop\/wp-json\/wp\/v2\/media?parent=986"}],"wp:term":[{"taxonomy":"product_cat","embeddable":true,"href":"https:\/\/resulbrave.com\/shop\/wp-json\/wp\/v2\/product_cat?post=986"},{"taxonomy":"product_tag","embeddable":true,"href":"https:\/\/resulbrave.com\/shop\/wp-json\/wp\/v2\/product_tag?post=986"}],"curies":[{"name":"wp","href":"https:\/\/api.w.org\/{rel}","templated":true}]}}