{"id":990,"date":"2022-09-23T13:49:41","date_gmt":"2022-09-23T13:49:41","guid":{"rendered":"https:\/\/resulbrave.com\/?post_type=product&#038;p=990"},"modified":"2024-02-21T15:11:38","modified_gmt":"2024-02-21T15:11:38","slug":"pojadouro","status":"publish","type":"product","link":"https:\/\/resulbrave.com\/shop\/produto\/pojadouro\/","title":{"rendered":"Pojadouro"},"content":{"rendered":"<p>Esta carne est\u00e1 localizada na parte traseira do animal, mais concretamente na parte interna e posterior da coxa.<\/p>\n<p>A sua tenrura e simplicidade t\u00e3o caracter\u00edstica torna-a ideal para bifes, bitoques, pregos ou fundue, sendo a sucul\u00eancia uma certeza.<\/p>\n","protected":false},"excerpt":{"rendered":"<p>Esta carne est\u00e1 localizada na parte traseira do animal, mais concretamente na parte interna e posterior da coxa. A sua tenrura e simplicidade t\u00e3o caracter\u00edstica torna-a ideal para bifes, bitoques, pregos ou fundue, sendo a sucul\u00eancia uma certeza.<\/p>\n","protected":false},"featured_media":991,"template":"","meta":[],"product_cat":[43],"product_tag":[],"class_list":{"0":"post-990","1":"product","2":"type-product","3":"status-publish","4":"has-post-thumbnail","6":"product_cat-carne-maturada","8":"first","9":"instock","10":"shipping-taxable","11":"purchasable","12":"product-type-simple"},"aioseo_notices":[],"_links":{"self":[{"href":"https:\/\/resulbrave.com\/shop\/wp-json\/wp\/v2\/product\/990","targetHints":{"allow":["GET"]}}],"collection":[{"href":"https:\/\/resulbrave.com\/shop\/wp-json\/wp\/v2\/product"}],"about":[{"href":"https:\/\/resulbrave.com\/shop\/wp-json\/wp\/v2\/types\/product"}],"wp:featuredmedia":[{"embeddable":true,"href":"https:\/\/resulbrave.com\/shop\/wp-json\/wp\/v2\/media\/991"}],"wp:attachment":[{"href":"https:\/\/resulbrave.com\/shop\/wp-json\/wp\/v2\/media?parent=990"}],"wp:term":[{"taxonomy":"product_cat","embeddable":true,"href":"https:\/\/resulbrave.com\/shop\/wp-json\/wp\/v2\/product_cat?post=990"},{"taxonomy":"product_tag","embeddable":true,"href":"https:\/\/resulbrave.com\/shop\/wp-json\/wp\/v2\/product_tag?post=990"}],"curies":[{"name":"wp","href":"https:\/\/api.w.org\/{rel}","templated":true}]}}