{"id":992,"date":"2022-09-23T13:51:45","date_gmt":"2022-09-23T13:51:45","guid":{"rendered":"https:\/\/resulbrave.com\/?post_type=product&#038;p=992"},"modified":"2024-02-21T15:11:13","modified_gmt":"2024-02-21T15:11:13","slug":"porterhouse","status":"publish","type":"product","link":"https:\/\/resulbrave.com\/shop\/produto\/porterhouse\/","title":{"rendered":"Porterhouse"},"content":{"rendered":"<p>O Porterhouse, constitu\u00eddo pelo Contra Fil\u00e9 e pelo Fil\u00e9 Mignon, \u00e9 retirado da parte traseira do animal.<\/p>\n<p>Esta pe\u00e7a possui um alto grau de marmoreio, tornando-o extremamente macio e suculento, ideal para um churrasco memor\u00e1vel.<\/p>\n","protected":false},"excerpt":{"rendered":"<p>O Porterhouse, constitu\u00eddo pelo Contra Fil\u00e9 e pelo Fil\u00e9 Mignon, \u00e9 retirado da parte traseira do animal. Esta pe\u00e7a possui um alto grau de marmoreio, tornando-o extremamente macio e suculento, ideal para um churrasco memor\u00e1vel.<\/p>\n","protected":false},"featured_media":993,"template":"","meta":[],"product_cat":[43],"product_tag":[],"class_list":{"0":"post-992","1":"product","2":"type-product","3":"status-publish","4":"has-post-thumbnail","6":"product_cat-carne-maturada","8":"first","9":"instock","10":"shipping-taxable","11":"purchasable","12":"product-type-simple"},"aioseo_notices":[],"_links":{"self":[{"href":"https:\/\/resulbrave.com\/shop\/wp-json\/wp\/v2\/product\/992","targetHints":{"allow":["GET"]}}],"collection":[{"href":"https:\/\/resulbrave.com\/shop\/wp-json\/wp\/v2\/product"}],"about":[{"href":"https:\/\/resulbrave.com\/shop\/wp-json\/wp\/v2\/types\/product"}],"wp:featuredmedia":[{"embeddable":true,"href":"https:\/\/resulbrave.com\/shop\/wp-json\/wp\/v2\/media\/993"}],"wp:attachment":[{"href":"https:\/\/resulbrave.com\/shop\/wp-json\/wp\/v2\/media?parent=992"}],"wp:term":[{"taxonomy":"product_cat","embeddable":true,"href":"https:\/\/resulbrave.com\/shop\/wp-json\/wp\/v2\/product_cat?post=992"},{"taxonomy":"product_tag","embeddable":true,"href":"https:\/\/resulbrave.com\/shop\/wp-json\/wp\/v2\/product_tag?post=992"}],"curies":[{"name":"wp","href":"https:\/\/api.w.org\/{rel}","templated":true}]}}