{"id":994,"date":"2022-09-23T13:53:13","date_gmt":"2022-09-23T13:53:13","guid":{"rendered":"https:\/\/resulbrave.com\/?post_type=product&#038;p=994"},"modified":"2024-02-21T15:10:27","modified_gmt":"2024-02-21T15:10:27","slug":"rabadilha","status":"publish","type":"product","link":"https:\/\/resulbrave.com\/shop\/produto\/rabadilha\/","title":{"rendered":"Rabadilha"},"content":{"rendered":"<p><span data-sheets-value=\"{&quot;1&quot;:2,&quot;2&quot;:&quot;A rabadilha \u00e9 retirada da coxa do animal e \u00e9 uma pe\u00e7a que se destaca pela sua versatilidade.\\n\\nDesde strogonoff e espetadas a churrascos e assados, a rabadilha \u00e9 o seu aliado.\\n&quot;}\" data-sheets-userformat=\"{&quot;2&quot;:7083,&quot;3&quot;:{&quot;1&quot;:0},&quot;4&quot;:{&quot;1&quot;:2,&quot;2&quot;:16776960},&quot;6&quot;:{&quot;1&quot;:[{&quot;1&quot;:2,&quot;2&quot;:0,&quot;5&quot;:{&quot;1&quot;:2,&quot;2&quot;:0}},{&quot;1&quot;:0,&quot;2&quot;:0,&quot;3&quot;:3},{&quot;1&quot;:1,&quot;2&quot;:0,&quot;4&quot;:1}]},&quot;8&quot;:{&quot;1&quot;:[{&quot;1&quot;:2,&quot;2&quot;:0,&quot;5&quot;:{&quot;1&quot;:2,&quot;2&quot;:0}},{&quot;1&quot;:0,&quot;2&quot;:0,&quot;3&quot;:3},{&quot;1&quot;:1,&quot;2&quot;:0,&quot;4&quot;:1}]},&quot;10&quot;:2,&quot;11&quot;:4,&quot;12&quot;:0,&quot;14&quot;:{&quot;1&quot;:2,&quot;2&quot;:0},&quot;15&quot;:&quot;Arial&quot;}\">A rabadilha \u00e9 retirada da coxa do animal e \u00e9 uma pe\u00e7a que se destaca pela sua versatilidade.<\/span><\/p>\n<p>Desde strogonoff e espetadas a churrascos e assados, a rabadilha \u00e9 o seu aliado.<\/p>\n","protected":false},"excerpt":{"rendered":"<p>A rabadilha \u00e9 retirada da coxa do animal e \u00e9 uma pe\u00e7a que se destaca pela sua versatilidade. Desde strogonoff e espetadas a churrascos e assados, a rabadilha \u00e9 o seu aliado.<\/p>\n","protected":false},"featured_media":995,"template":"","meta":[],"product_cat":[43],"product_tag":[],"class_list":{"0":"post-994","1":"product","2":"type-product","3":"status-publish","4":"has-post-thumbnail","6":"product_cat-carne-maturada","8":"first","9":"instock","10":"shipping-taxable","11":"purchasable","12":"product-type-simple"},"aioseo_notices":[],"_links":{"self":[{"href":"https:\/\/resulbrave.com\/shop\/wp-json\/wp\/v2\/product\/994","targetHints":{"allow":["GET"]}}],"collection":[{"href":"https:\/\/resulbrave.com\/shop\/wp-json\/wp\/v2\/product"}],"about":[{"href":"https:\/\/resulbrave.com\/shop\/wp-json\/wp\/v2\/types\/product"}],"wp:featuredmedia":[{"embeddable":true,"href":"https:\/\/resulbrave.com\/shop\/wp-json\/wp\/v2\/media\/995"}],"wp:attachment":[{"href":"https:\/\/resulbrave.com\/shop\/wp-json\/wp\/v2\/media?parent=994"}],"wp:term":[{"taxonomy":"product_cat","embeddable":true,"href":"https:\/\/resulbrave.com\/shop\/wp-json\/wp\/v2\/product_cat?post=994"},{"taxonomy":"product_tag","embeddable":true,"href":"https:\/\/resulbrave.com\/shop\/wp-json\/wp\/v2\/product_tag?post=994"}],"curies":[{"name":"wp","href":"https:\/\/api.w.org\/{rel}","templated":true}]}}