{"id":996,"date":"2022-09-23T13:54:41","date_gmt":"2022-09-23T13:54:41","guid":{"rendered":"https:\/\/resulbrave.com\/?post_type=product&#038;p=996"},"modified":"2024-02-21T15:09:13","modified_gmt":"2024-02-21T15:09:13","slug":"t-bone","status":"publish","type":"product","link":"https:\/\/resulbrave.com\/shop\/produto\/t-bone\/","title":{"rendered":"T-bone"},"content":{"rendered":"<p><span data-sheets-value=\"{&quot;1&quot;:2,&quot;2&quot;:&quot;O T-Bone \u00e9 conhecido pela sua forma em T, que separa o Contra Fil\u00e9, o lado maior, e o Fil\u00e9 Mignon, o lado menor. \\n\\nRetirada da parte traseira do boi, esta pe\u00e7a garante o melhor de dois mundos: a sucul\u00eancia e a tenrura.\\n\\nEsta \u00e9 uma pe\u00e7a que n\u00e3o pode faltar num churrasco que se preze.&quot;}\" data-sheets-userformat=\"{&quot;2&quot;:7083,&quot;3&quot;:{&quot;1&quot;:0},&quot;4&quot;:{&quot;1&quot;:2,&quot;2&quot;:16776960},&quot;6&quot;:{&quot;1&quot;:[{&quot;1&quot;:2,&quot;2&quot;:0,&quot;5&quot;:{&quot;1&quot;:2,&quot;2&quot;:0}},{&quot;1&quot;:0,&quot;2&quot;:0,&quot;3&quot;:3},{&quot;1&quot;:1,&quot;2&quot;:0,&quot;4&quot;:1}]},&quot;8&quot;:{&quot;1&quot;:[{&quot;1&quot;:2,&quot;2&quot;:0,&quot;5&quot;:{&quot;1&quot;:2,&quot;2&quot;:0}},{&quot;1&quot;:0,&quot;2&quot;:0,&quot;3&quot;:3},{&quot;1&quot;:1,&quot;2&quot;:0,&quot;4&quot;:1}]},&quot;10&quot;:1,&quot;11&quot;:4,&quot;12&quot;:0,&quot;14&quot;:{&quot;1&quot;:2,&quot;2&quot;:0},&quot;15&quot;:&quot;Arial&quot;}\">O T-Bone \u00e9 conhecido pela sua forma em T, que separa o Contra Fil\u00e9, o lado maior, e o Fil\u00e9 Mignon, o lado menor.<\/span><\/p>\n<p>Retirada da parte traseira do boi, esta pe\u00e7a garante o melhor de dois mundos: a sucul\u00eancia e a tenrura.<\/p>\n<p>Esta \u00e9 uma pe\u00e7a que n\u00e3o pode faltar num churrasco que se preze.<\/p>\n","protected":false},"excerpt":{"rendered":"<p>O T-Bone \u00e9 conhecido pela sua forma em T, que separa o Contra Fil\u00e9, o lado maior, e o Fil\u00e9 Mignon, o lado menor. Retirada da parte traseira do boi, esta pe\u00e7a garante o melhor de dois mundos: a sucul\u00eancia e a tenrura. Esta \u00e9 uma pe\u00e7a que n\u00e3o pode faltar num churrasco que se [&hellip;]<\/p>\n","protected":false},"featured_media":997,"template":"","meta":[],"product_cat":[43],"product_tag":[],"class_list":{"0":"post-996","1":"product","2":"type-product","3":"status-publish","4":"has-post-thumbnail","6":"product_cat-carne-maturada","8":"first","9":"instock","10":"shipping-taxable","11":"purchasable","12":"product-type-simple"},"aioseo_notices":[],"_links":{"self":[{"href":"https:\/\/resulbrave.com\/shop\/wp-json\/wp\/v2\/product\/996","targetHints":{"allow":["GET"]}}],"collection":[{"href":"https:\/\/resulbrave.com\/shop\/wp-json\/wp\/v2\/product"}],"about":[{"href":"https:\/\/resulbrave.com\/shop\/wp-json\/wp\/v2\/types\/product"}],"wp:featuredmedia":[{"embeddable":true,"href":"https:\/\/resulbrave.com\/shop\/wp-json\/wp\/v2\/media\/997"}],"wp:attachment":[{"href":"https:\/\/resulbrave.com\/shop\/wp-json\/wp\/v2\/media?parent=996"}],"wp:term":[{"taxonomy":"product_cat","embeddable":true,"href":"https:\/\/resulbrave.com\/shop\/wp-json\/wp\/v2\/product_cat?post=996"},{"taxonomy":"product_tag","embeddable":true,"href":"https:\/\/resulbrave.com\/shop\/wp-json\/wp\/v2\/product_tag?post=996"}],"curies":[{"name":"wp","href":"https:\/\/api.w.org\/{rel}","templated":true}]}}