{"id":998,"date":"2022-09-23T13:56:21","date_gmt":"2022-09-23T13:56:21","guid":{"rendered":"https:\/\/resulbrave.com\/?post_type=product&#038;p=998"},"modified":"2024-02-21T15:07:52","modified_gmt":"2024-02-21T15:07:52","slug":"tomahawk","status":"publish","type":"product","link":"https:\/\/resulbrave.com\/shop\/produto\/tomahawk\/","title":{"rendered":"Tomahawk"},"content":{"rendered":"<p><span data-sheets-value=\"{&quot;1&quot;:2,&quot;2&quot;:&quot;O Tomahawk \u00e9 um bife grosso que acompanha todo o osso da costela, cujo sabor e sucul\u00eancia excedem escalas. Retirada da parte traseira do lombo do boi, esta \u00e9 uma pe\u00e7a distinta sendo apenas poss\u00edvel retirar 4 pe\u00e7as por animal. \\n\\n\u00c9 uma pe\u00e7a bastante caracter\u00edstica pela sua forma de machado e dificilmente ser\u00e1 papel secund\u00e1rio nos seus churrascos! \\n\\nEste corte consiste numa parte da costela bovina e do bife ancho, acompanhado de um osso de 30 cent\u00edmetros, sendo um bife perfeito para dividir dada a sua dimens\u00e3o.&quot;}\" data-sheets-userformat=\"{&quot;2&quot;:7083,&quot;3&quot;:{&quot;1&quot;:0},&quot;4&quot;:{&quot;1&quot;:2,&quot;2&quot;:16776960},&quot;6&quot;:{&quot;1&quot;:[{&quot;1&quot;:2,&quot;2&quot;:0,&quot;5&quot;:{&quot;1&quot;:2,&quot;2&quot;:0}},{&quot;1&quot;:0,&quot;2&quot;:0,&quot;3&quot;:3},{&quot;1&quot;:1,&quot;2&quot;:0,&quot;4&quot;:1}]},&quot;8&quot;:{&quot;1&quot;:[{&quot;1&quot;:2,&quot;2&quot;:0,&quot;5&quot;:{&quot;1&quot;:2,&quot;2&quot;:0}},{&quot;1&quot;:0,&quot;2&quot;:0,&quot;3&quot;:3},{&quot;1&quot;:1,&quot;2&quot;:0,&quot;4&quot;:1}]},&quot;10&quot;:1,&quot;11&quot;:4,&quot;12&quot;:0,&quot;14&quot;:{&quot;1&quot;:2,&quot;2&quot;:0},&quot;15&quot;:&quot;Arial&quot;}\">O Tomahawk \u00e9 um bife grosso que acompanha todo o osso da costela, cujo sabor e sucul\u00eancia excedem escalas. Retirada da parte traseira do lombo do boi, esta \u00e9 uma pe\u00e7a distinta sendo apenas poss\u00edvel retirar 4 pe\u00e7as por animal.<\/span><\/p>\n<p>\u00c9 uma pe\u00e7a bastante caracter\u00edstica pela sua forma de machado e dificilmente ser\u00e1 papel secund\u00e1rio nos seus churrascos!<\/p>\n<p>Este corte consiste numa parte da costela bovina e do bife ancho, acompanhado de um osso de 30 cent\u00edmetros, sendo um bife perfeito para dividir dada a sua dimens\u00e3o.<\/p>\n","protected":false},"excerpt":{"rendered":"<p>O Tomahawk \u00e9 um bife grosso que acompanha todo o osso da costela, cujo sabor e sucul\u00eancia excedem escalas. Retirada da parte traseira do lombo do boi, esta \u00e9 uma pe\u00e7a distinta sendo apenas poss\u00edvel retirar 4 pe\u00e7as por animal. \u00c9 uma pe\u00e7a bastante caracter\u00edstica pela sua forma de machado e dificilmente ser\u00e1 papel secund\u00e1rio [&hellip;]<\/p>\n","protected":false},"featured_media":861,"template":"","meta":[],"product_cat":[43],"product_tag":[],"class_list":{"0":"post-998","1":"product","2":"type-product","3":"status-publish","4":"has-post-thumbnail","6":"product_cat-carne-maturada","8":"first","9":"instock","10":"shipping-taxable","11":"purchasable","12":"product-type-simple"},"aioseo_notices":[],"_links":{"self":[{"href":"https:\/\/resulbrave.com\/shop\/wp-json\/wp\/v2\/product\/998","targetHints":{"allow":["GET"]}}],"collection":[{"href":"https:\/\/resulbrave.com\/shop\/wp-json\/wp\/v2\/product"}],"about":[{"href":"https:\/\/resulbrave.com\/shop\/wp-json\/wp\/v2\/types\/product"}],"wp:featuredmedia":[{"embeddable":true,"href":"https:\/\/resulbrave.com\/shop\/wp-json\/wp\/v2\/media\/861"}],"wp:attachment":[{"href":"https:\/\/resulbrave.com\/shop\/wp-json\/wp\/v2\/media?parent=998"}],"wp:term":[{"taxonomy":"product_cat","embeddable":true,"href":"https:\/\/resulbrave.com\/shop\/wp-json\/wp\/v2\/product_cat?post=998"},{"taxonomy":"product_tag","embeddable":true,"href":"https:\/\/resulbrave.com\/shop\/wp-json\/wp\/v2\/product_tag?post=998"}],"curies":[{"name":"wp","href":"https:\/\/api.w.org\/{rel}","templated":true}]}}